{"id":2,"date":"2020-07-14T18:55:37","date_gmt":"2020-07-14T18:55:37","guid":{"rendered":"https:\/\/thesonschildren.com\/?page_id=2"},"modified":"2020-07-14T18:55:37","modified_gmt":"2020-07-14T18:55:37","slug":"sample-page","status":"publish","type":"page","link":"https:\/\/thesonschildren.com\/es\/sample-page\/","title":{"rendered":"P\u00e1gina de muestra"},"content":{"rendered":"<p>Esta es una p\u00e1gina de ejemplo. Es diferente de una entrada de blog porque permanecer\u00e1 en un solo lugar y aparecer\u00e1 en la navegaci\u00f3n de tu sitio (en la mayor\u00eda de los temas). La mayor\u00eda de las personas comienzan con una p\u00e1gina \u00abAcerca de\u00bb que les presenta a los posibles visitantes del sitio. Podr\u00eda decir algo como esto:<\/p>\n\n\n\n<blockquote class=\"wp-block-quote is-layout-flow wp-block-quote-is-layout-flow\"><p>\u00a1Hola! Soy mensajero en bicicleta durante el d\u00eda, aspirante a actor por la noche, y esta es mi p\u00e1gina web. Vivo en Los \u00c1ngeles, tengo un perro estupendo llamado Jack y me gustan las pi\u00f1as coladas. (Y que me pille la lluvia).<\/p><\/blockquote>\n\n\n\n<p>\u2026o algo as\u00ed:<\/p>\n\n\n\n<blockquote class=\"wp-block-quote is-layout-flow wp-block-quote-is-layout-flow\"><p>La empresa XYZ Doohickey se fund\u00f3 en 1971 y desde entonces ha estado proporcionando doohickeys de calidad al p\u00fablico. Ubicada en Gotham City, XYZ emplea a m\u00e1s de 2000 personas y hace todo tipo de cosas incre\u00edbles por la comunidad de Gotham.<\/p><\/blockquote>\n\n\n\n<p>Como nuevo usuario de WordPress, debes ir a <a href=\"https:\/\/thesonschildren.com\/wp-admin\/\">tu panel de control<\/a> para borrar esta p\u00e1gina y crear nuevas p\u00e1ginas para tu contenido. \u00a1Que te diviertas!<\/p>","protected":false},"excerpt":{"rendered":"<p>This is an example page. It&#8217;s different from a blog post because it will stay in one place and will show up in your site navigation (in most themes). Most people start with an About page that introduces them to potential site visitors. It might say something like this: Hi there! I&#8217;m a bike messenger&#8230;<\/p>","protected":false},"author":1,"featured_media":0,"parent":0,"menu_order":0,"comment_status":"closed","ping_status":"open","template":"","meta":{"footnotes":""},"class_list":["post-2","page","type-page","status-publish","hentry"],"yoast_head":"<!-- This site is optimized with the Yoast SEO Premium plugin v27.2 (Yoast SEO v27.2) - https:\/\/yoast.com\/product\/yoast-seo-premium-wordpress\/ -->\n<title>Sample Page - The Son&#039;s Children<\/title>\n<meta name=\"robots\" content=\"index, follow, max-snippet:-1, max-image-preview:large, max-video-preview:-1\" \/>\n<link rel=\"canonical\" href=\"https:\/\/thesonschildren.com\/es\/sample-page\/\" \/>\n<meta property=\"og:locale\" content=\"es_MX\" \/>\n<meta property=\"og:type\" content=\"article\" \/>\n<meta property=\"og:title\" content=\"Sample Page\" \/>\n<meta property=\"og:description\" content=\"This is an example page. It&#8217;s different from a blog post because it will stay in one place and will show up in your site navigation (in most themes). Most people start with an About page that introduces them to potential site visitors. It might say something like this: Hi there! I&#8217;m a bike messenger...\" \/>\n<meta property=\"og:url\" content=\"https:\/\/thesonschildren.com\/es\/sample-page\/\" \/>\n<meta property=\"og:site_name\" content=\"The Son&#039;s Children\" \/>\n<meta property=\"article:publisher\" content=\"https:\/\/www.facebook.com\/TheSonsChildren\/\" \/>\n<meta name=\"twitter:card\" content=\"summary_large_image\" \/>\n<meta name=\"twitter:label1\" content=\"Tiempo de lectura\" \/>\n\t<meta name=\"twitter:data1\" content=\"1 minuto\" \/>\n<script type=\"application\/ld+json\" class=\"yoast-schema-graph\">{\"@context\":\"https:\/\/schema.org\",\"@graph\":[{\"@type\":\"WebPage\",\"@id\":\"https:\/\/thesonschildren.com\/sample-page\/\",\"url\":\"https:\/\/thesonschildren.com\/sample-page\/\",\"name\":\"Sample Page - The Son&#039;s Children\",\"isPartOf\":{\"@id\":\"https:\/\/thesonschildren.com\/#website\"},\"datePublished\":\"2020-07-14T18:55:37+00:00\",\"breadcrumb\":{\"@id\":\"https:\/\/thesonschildren.com\/sample-page\/#breadcrumb\"},\"inLanguage\":\"es\",\"potentialAction\":[{\"@type\":\"ReadAction\",\"target\":[\"https:\/\/thesonschildren.com\/sample-page\/\"]}]},{\"@type\":\"BreadcrumbList\",\"@id\":\"https:\/\/thesonschildren.com\/sample-page\/#breadcrumb\",\"itemListElement\":[{\"@type\":\"ListItem\",\"position\":1,\"name\":\"Home\",\"item\":\"https:\/\/thesonschildren.com\/\"},{\"@type\":\"ListItem\",\"position\":2,\"name\":\"Sample Page\"}]},{\"@type\":\"WebSite\",\"@id\":\"https:\/\/thesonschildren.com\/#website\",\"url\":\"https:\/\/thesonschildren.com\/\",\"name\":\"The Son's Children\",\"description\":\"Learning Center - Infant, Preschool &amp; After-School Care\",\"publisher\":{\"@id\":\"https:\/\/thesonschildren.com\/#organization\"},\"potentialAction\":[{\"@type\":\"SearchAction\",\"target\":{\"@type\":\"EntryPoint\",\"urlTemplate\":\"https:\/\/thesonschildren.com\/?s={search_term_string}\"},\"query-input\":{\"@type\":\"PropertyValueSpecification\",\"valueRequired\":true,\"valueName\":\"search_term_string\"}}],\"inLanguage\":\"es\"},{\"@type\":\"Organization\",\"@id\":\"https:\/\/thesonschildren.com\/#organization\",\"name\":\"The Son's Children\",\"alternateName\":\"TSC\",\"url\":\"https:\/\/thesonschildren.com\/\",\"logo\":{\"@type\":\"ImageObject\",\"inLanguage\":\"es\",\"@id\":\"https:\/\/thesonschildren.com\/#\/schema\/logo\/image\/\",\"url\":\"https:\/\/thesonschildren.com\/wp-content\/uploads\/2020\/01\/TSC-Logo-2023.png\",\"contentUrl\":\"https:\/\/thesonschildren.com\/wp-content\/uploads\/2020\/01\/TSC-Logo-2023.png\",\"width\":250,\"height\":170,\"caption\":\"The Son's Children\"},\"image\":{\"@id\":\"https:\/\/thesonschildren.com\/#\/schema\/logo\/image\/\"},\"sameAs\":[\"https:\/\/www.facebook.com\/TheSonsChildren\/\"],\"description\":\"Faith-Based Child Care Center Christian Child Care Center Learning Center\"}]}<\/script>\n<!-- \/ Yoast SEO Premium plugin. -->","yoast_head_json":{"title":"Sample Page - The Son&#039;s Children","robots":{"index":"index","follow":"follow","max-snippet":"max-snippet:-1","max-image-preview":"max-image-preview:large","max-video-preview":"max-video-preview:-1"},"canonical":"https:\/\/thesonschildren.com\/es\/sample-page\/","og_locale":"es_MX","og_type":"article","og_title":"Sample Page","og_description":"This is an example page. It&#8217;s different from a blog post because it will stay in one place and will show up in your site navigation (in most themes). Most people start with an About page that introduces them to potential site visitors. It might say something like this: Hi there! I&#8217;m a bike messenger...","og_url":"https:\/\/thesonschildren.com\/es\/sample-page\/","og_site_name":"The Son&#039;s Children","article_publisher":"https:\/\/www.facebook.com\/TheSonsChildren\/","twitter_card":"summary_large_image","twitter_misc":{"Tiempo de lectura":"1 minuto"},"schema":{"@context":"https:\/\/schema.org","@graph":[{"@type":"WebPage","@id":"https:\/\/thesonschildren.com\/sample-page\/","url":"https:\/\/thesonschildren.com\/sample-page\/","name":"Sample Page - The Son&#039;s Children","isPartOf":{"@id":"https:\/\/thesonschildren.com\/#website"},"datePublished":"2020-07-14T18:55:37+00:00","breadcrumb":{"@id":"https:\/\/thesonschildren.com\/sample-page\/#breadcrumb"},"inLanguage":"es","potentialAction":[{"@type":"ReadAction","target":["https:\/\/thesonschildren.com\/sample-page\/"]}]},{"@type":"BreadcrumbList","@id":"https:\/\/thesonschildren.com\/sample-page\/#breadcrumb","itemListElement":[{"@type":"ListItem","position":1,"name":"Home","item":"https:\/\/thesonschildren.com\/"},{"@type":"ListItem","position":2,"name":"Sample Page"}]},{"@type":"WebSite","@id":"https:\/\/thesonschildren.com\/#website","url":"https:\/\/thesonschildren.com\/","name":"Los hijos del Hijo","description":"Centro de aprendizaje: cuidado infantil, preescolar y extraescolar","publisher":{"@id":"https:\/\/thesonschildren.com\/#organization"},"potentialAction":[{"@type":"SearchAction","target":{"@type":"EntryPoint","urlTemplate":"https:\/\/thesonschildren.com\/?s={search_term_string}"},"query-input":{"@type":"PropertyValueSpecification","valueRequired":true,"valueName":"search_term_string"}}],"inLanguage":"es"},{"@type":"Organization","@id":"https:\/\/thesonschildren.com\/#organization","name":"Los hijos del Hijo","alternateName":"TSC","url":"https:\/\/thesonschildren.com\/","logo":{"@type":"ImageObject","inLanguage":"es","@id":"https:\/\/thesonschildren.com\/#\/schema\/logo\/image\/","url":"https:\/\/thesonschildren.com\/wp-content\/uploads\/2020\/01\/TSC-Logo-2023.png","contentUrl":"https:\/\/thesonschildren.com\/wp-content\/uploads\/2020\/01\/TSC-Logo-2023.png","width":250,"height":170,"caption":"The Son's Children"},"image":{"@id":"https:\/\/thesonschildren.com\/#\/schema\/logo\/image\/"},"sameAs":["https:\/\/www.facebook.com\/TheSonsChildren\/"],"description":"Centro de cuidado infantil basado en la fe Centro cristiano de cuidado infantil Centro de aprendizaje"}]}},"_links":{"self":[{"href":"https:\/\/thesonschildren.com\/es\/wp-json\/wp\/v2\/pages\/2","targetHints":{"allow":["GET"]}}],"collection":[{"href":"https:\/\/thesonschildren.com\/es\/wp-json\/wp\/v2\/pages"}],"about":[{"href":"https:\/\/thesonschildren.com\/es\/wp-json\/wp\/v2\/types\/page"}],"author":[{"embeddable":true,"href":"https:\/\/thesonschildren.com\/es\/wp-json\/wp\/v2\/users\/1"}],"replies":[{"embeddable":true,"href":"https:\/\/thesonschildren.com\/es\/wp-json\/wp\/v2\/comments?post=2"}],"version-history":[{"count":0,"href":"https:\/\/thesonschildren.com\/es\/wp-json\/wp\/v2\/pages\/2\/revisions"}],"wp:attachment":[{"href":"https:\/\/thesonschildren.com\/es\/wp-json\/wp\/v2\/media?parent=2"}],"curies":[{"name":"wp","href":"https:\/\/api.w.org\/{rel}","templated":true}]}}